{"id":68,"date":"2023-07-14T19:09:29","date_gmt":"2023-07-14T17:09:29","guid":{"rendered":"http:\/\/supernovagroup.biz\/?page_id=68"},"modified":"2023-11-28T18:49:54","modified_gmt":"2023-11-28T17:49:54","slug":"classico-marinara","status":"publish","type":"page","link":"https:\/\/supernovagroup.biz\/?page_id=68","title":{"rendered":"CLASSICO MARINARA"},"content":{"rendered":"\t\t<div data-elementor-type=\"wp-page\" data-elementor-id=\"68\" class=\"elementor elementor-68\" data-elementor-post-type=\"page\">\n\t\t\t\t\t\t<section class=\"elementor-section elementor-top-section elementor-element elementor-element-fefd028 elementor-section-boxed elementor-section-height-default elementor-section-height-default\" data-id=\"fefd028\" data-element_type=\"section\">\n\t\t\t\t\t\t<div class=\"elementor-container elementor-column-gap-default\">\n\t\t\t\t\t<div class=\"elementor-column elementor-col-100 elementor-top-column elementor-element elementor-element-55f1ea2\" data-id=\"55f1ea2\" data-element_type=\"column\">\n\t\t\t<div class=\"elementor-widget-wrap elementor-element-populated\">\n\t\t\t\t\t\t<div class=\"elementor-element elementor-element-8c6d9e8 elementor-shape-rounded elementor-grid-0 e-grid-align-center elementor-widget elementor-widget-social-icons\" data-id=\"8c6d9e8\" data-element_type=\"widget\" data-widget_type=\"social-icons.default\">\n\t\t\t\t<div class=\"elementor-widget-container\">\n\t\t\t\t\t\t\t<div class=\"elementor-social-icons-wrapper elementor-grid\" role=\"list\">\n\t\t\t\t\t\t\t<span class=\"elementor-grid-item\" role=\"listitem\">\n\t\t\t\t\t<a class=\"elementor-icon elementor-social-icon elementor-social-icon-instagram elementor-repeater-item-bd8d2d5\" href=\"https:\/\/www.instagram.com\/classico_marinara\/?hl=it\" target=\"_blank\">\n\t\t\t\t\t\t<span class=\"elementor-screen-only\">Instagram<\/span>\n\t\t\t\t\t\t<i aria-hidden=\"true\" class=\"fab fa-instagram\"><\/i>\t\t\t\t\t<\/a>\n\t\t\t\t<\/span>\n\t\t\t\t\t\t\t<span class=\"elementor-grid-item\" role=\"listitem\">\n\t\t\t\t\t<a class=\"elementor-icon elementor-social-icon elementor-social-icon-tiktok elementor-repeater-item-46fda6e\" href=\"https:\/\/www.tiktok.com\/@classicomarinara_?_t=8e4KQwwQ9SU&#038;_r=1\" target=\"_blank\">\n\t\t\t\t\t\t<span class=\"elementor-screen-only\">Tiktok<\/span>\n\t\t\t\t\t\t<i aria-hidden=\"true\" class=\"fab fa-tiktok\"><\/i>\t\t\t\t\t<\/a>\n\t\t\t\t<\/span>\n\t\t\t\t\t<\/div>\n\t\t\t\t\t\t<\/div>\n\t\t\t\t<\/div>\n\t\t\t\t\t<\/div>\n\t\t<\/div>\n\t\t\t\t\t<\/div>\n\t\t<\/section>\n\t\t\t\t<section class=\"elementor-section elementor-top-section elementor-element elementor-element-4e027049 elementor-section-boxed elementor-section-height-default elementor-section-height-default\" data-id=\"4e027049\" data-element_type=\"section\">\n\t\t\t\t\t\t<div class=\"elementor-container elementor-column-gap-default\">\n\t\t\t\t\t<div class=\"elementor-column elementor-col-100 elementor-top-column elementor-element elementor-element-6d80f53f\" data-id=\"6d80f53f\" data-element_type=\"column\">\n\t\t\t<div class=\"elementor-widget-wrap elementor-element-populated\">\n\t\t\t\t\t\t<div class=\"elementor-element elementor-element-4bcd1beb elementor-widget elementor-widget-text-editor\" data-id=\"4bcd1beb\" data-element_type=\"widget\" data-widget_type=\"text-editor.default\">\n\t\t\t\t<div class=\"elementor-widget-container\">\n\t\t\t\t\t\t\t\t\t<p>Salvatore Bonomo, in arte Classico Marinara, \u00e8 un artista del sud Italia.<br \/>Proveniente da una famiglia di giostrai, ha vissuto uno stile di vita davvero particolare, sempre in viaggio di citt\u00e0 e in citt\u00e0 e sempre circondato da persone diverse.<br \/>La sua famiglia \u00e8 piena di creativi: il nonno per esempio ha sempre scritto canzoni, canzoni come \u201cRicordi del Luna Park\u201d, da cui Salvatore ha preso ispirazione per il suo primo disco \u201cRagazzo del Luna Park\u201d.<\/p><p>Ha collaborato con molti artisti e realt\u00e0 tra cui Lady the Murder, Depha Beat, Soho House e Touch the Wood.<\/p><p>Al momento lavora alla sua musica nel suo studio di registrazione e di graphic design finanziando la sua musica lavorando nel team di Carhartt WIP Roma.<br \/>Il suo obiettivo \u00e8 quello di riuscire a comunicare tramite la musica tutte le esperienze e i messaggi che fanno parte del suo vissuto.<\/p><p>Dal 2023 \u00e8 sotto contratto SUPERNOVA GROUP\/OCEAN RECORDS PRODUCTIONS<\/p>\t\t\t\t\t\t\t\t<\/div>\n\t\t\t\t<\/div>\n\t\t\t\t\t<\/div>\n\t\t<\/div>\n\t\t\t\t\t<\/div>\n\t\t<\/section>\n\t\t\t\t<\/div>\n\t\t","protected":false},"excerpt":{"rendered":"<p>Instagram Tiktok Salvatore Bonomo, in arte Classico Marinara, \u00e8 un artista del sud Italia.Proveniente da una famiglia di giostrai, ha vissuto uno stile di vita davvero particolare, sempre in viaggio di citt\u00e0 e in citt\u00e0 e sempre circondato da persone diverse.La sua famiglia \u00e8 piena di creativi: il nonno per esempio ha sempre scritto canzoni, [&hellip;]<\/p>\n","protected":false},"author":1,"featured_media":56,"parent":0,"menu_order":0,"comment_status":"closed","ping_status":"closed","template":"","meta":{"footnotes":""},"categories":[14],"tags":[],"class_list":["post-68","page","type-page","status-publish","has-post-thumbnail","hentry","category-artisti"],"_links":{"self":[{"href":"https:\/\/supernovagroup.biz\/index.php?rest_route=\/wp\/v2\/pages\/68","targetHints":{"allow":["GET"]}}],"collection":[{"href":"https:\/\/supernovagroup.biz\/index.php?rest_route=\/wp\/v2\/pages"}],"about":[{"href":"https:\/\/supernovagroup.biz\/index.php?rest_route=\/wp\/v2\/types\/page"}],"author":[{"embeddable":true,"href":"https:\/\/supernovagroup.biz\/index.php?rest_route=\/wp\/v2\/users\/1"}],"replies":[{"embeddable":true,"href":"https:\/\/supernovagroup.biz\/index.php?rest_route=%2Fwp%2Fv2%2Fcomments&post=68"}],"version-history":[{"count":8,"href":"https:\/\/supernovagroup.biz\/index.php?rest_route=\/wp\/v2\/pages\/68\/revisions"}],"predecessor-version":[{"id":226,"href":"https:\/\/supernovagroup.biz\/index.php?rest_route=\/wp\/v2\/pages\/68\/revisions\/226"}],"wp:featuredmedia":[{"embeddable":true,"href":"https:\/\/supernovagroup.biz\/index.php?rest_route=\/wp\/v2\/media\/56"}],"wp:attachment":[{"href":"https:\/\/supernovagroup.biz\/index.php?rest_route=%2Fwp%2Fv2%2Fmedia&parent=68"}],"wp:term":[{"taxonomy":"category","embeddable":true,"href":"https:\/\/supernovagroup.biz\/index.php?rest_route=%2Fwp%2Fv2%2Fcategories&post=68"},{"taxonomy":"post_tag","embeddable":true,"href":"https:\/\/supernovagroup.biz\/index.php?rest_route=%2Fwp%2Fv2%2Ftags&post=68"}],"curies":[{"name":"wp","href":"https:\/\/api.w.org\/{rel}","templated":true}]}}