{"id":64,"date":"2023-07-14T19:06:24","date_gmt":"2023-07-14T17:06:24","guid":{"rendered":"http:\/\/supernovagroup.biz\/?page_id=64"},"modified":"2023-07-18T15:48:12","modified_gmt":"2023-07-18T13:48:12","slug":"l%c2%a5uk","status":"publish","type":"page","link":"https:\/\/supernovagroup.biz\/?page_id=64","title":{"rendered":"L\u00a5UK"},"content":{"rendered":"\t\t<div data-elementor-type=\"wp-page\" data-elementor-id=\"64\" class=\"elementor elementor-64\" data-elementor-post-type=\"page\">\n\t\t\t\t\t\t<section class=\"elementor-section elementor-top-section elementor-element elementor-element-3313070 elementor-section-boxed elementor-section-height-default elementor-section-height-default\" data-id=\"3313070\" data-element_type=\"section\">\n\t\t\t\t\t\t<div class=\"elementor-container elementor-column-gap-default\">\n\t\t\t\t\t<div class=\"elementor-column elementor-col-100 elementor-top-column elementor-element elementor-element-6d73e46\" data-id=\"6d73e46\" data-element_type=\"column\">\n\t\t\t<div class=\"elementor-widget-wrap elementor-element-populated\">\n\t\t\t\t\t\t<div class=\"elementor-element elementor-element-5b15208 elementor-shape-rounded elementor-grid-0 e-grid-align-center elementor-widget elementor-widget-social-icons\" data-id=\"5b15208\" data-element_type=\"widget\" data-widget_type=\"social-icons.default\">\n\t\t\t\t<div class=\"elementor-widget-container\">\n\t\t\t\t\t\t\t<div class=\"elementor-social-icons-wrapper elementor-grid\" role=\"list\">\n\t\t\t\t\t\t\t<span class=\"elementor-grid-item\" role=\"listitem\">\n\t\t\t\t\t<a class=\"elementor-icon elementor-social-icon elementor-social-icon-instagram elementor-repeater-item-0c42fa4\" href=\"https:\/\/www.instagram.com\/lyuk4real\/?hl=it\" target=\"_blank\">\n\t\t\t\t\t\t<span class=\"elementor-screen-only\">Instagram<\/span>\n\t\t\t\t\t\t<i aria-hidden=\"true\" class=\"fab fa-instagram\"><\/i>\t\t\t\t\t<\/a>\n\t\t\t\t<\/span>\n\t\t\t\t\t\t\t<span class=\"elementor-grid-item\" role=\"listitem\">\n\t\t\t\t\t<a class=\"elementor-icon elementor-social-icon elementor-social-icon-tiktok elementor-repeater-item-9fe9b19\" href=\"https:\/\/www.tiktok.com\/@_lyuk4real?_t=8e4KGdsYbTH&#038;_r=1\" target=\"_blank\">\n\t\t\t\t\t\t<span class=\"elementor-screen-only\">Tiktok<\/span>\n\t\t\t\t\t\t<i aria-hidden=\"true\" class=\"fab fa-tiktok\"><\/i>\t\t\t\t\t<\/a>\n\t\t\t\t<\/span>\n\t\t\t\t\t<\/div>\n\t\t\t\t\t\t<\/div>\n\t\t\t\t<\/div>\n\t\t\t\t\t<\/div>\n\t\t<\/div>\n\t\t\t\t\t<\/div>\n\t\t<\/section>\n\t\t\t\t<section class=\"elementor-section elementor-top-section elementor-element elementor-element-22de2226 elementor-section-boxed elementor-section-height-default elementor-section-height-default\" data-id=\"22de2226\" data-element_type=\"section\">\n\t\t\t\t\t\t<div class=\"elementor-container elementor-column-gap-default\">\n\t\t\t\t\t<div class=\"elementor-column elementor-col-100 elementor-top-column elementor-element elementor-element-539515d3\" data-id=\"539515d3\" data-element_type=\"column\">\n\t\t\t<div class=\"elementor-widget-wrap elementor-element-populated\">\n\t\t\t\t\t\t<div class=\"elementor-element elementor-element-2e2009bd elementor-widget elementor-widget-text-editor\" data-id=\"2e2009bd\" data-element_type=\"widget\" data-widget_type=\"text-editor.default\">\n\t\t\t\t<div class=\"elementor-widget-container\">\n\t\t\t\t\t\t\t\t\t<p>LUCA DELL\u2019AQUILA, in arte L\u00a5UK, ha 19 anni, \u00e8 nato a Milano il 4\/01\/2004 e vive a Settimo Milanese (MI).<br \/>L\u2019ambizione \u00e8 nel suo DNA ed \u00e8 per questo che non si pone mai limiti e non ha timore nel prendere decisioni per il suo futuro.<br \/>Sin da dall\u2019et\u00e0 di 5 anni, prende lezioni private di canto e capisce che la musica per lui \u00e8 tutto: il pi\u00f9 importante mezzo per esprimersi al meglio.<br \/>Proprio per questo ha studiato al Liceo Musicale dove si \u00e8 diplomato in pianoforte e chitarra.<\/p><p>Si \u00e8 recentemente esibito per Achielle Lauro a Magenta essendo stato scelto dalla sua scuola per un progetto ideato dallo stesso Lauro.<\/p><p>Nell\u2019ultimo anno ha lavorato molto al suo percorso artistico evolvendosi e approfittando degli stimoli conseguenza degli incontri fatti con nuovi producers e colleghi.<br \/><br \/>Ha pubblicato 5 brani su Spotify e su diverse piattaforme, scritti interamente da lui.<\/p><p>Dal 2022 fa parte del team creativo SUPERNOVA GROUP\/OCEAN RECORDS PRODUCTIONS<\/p>\t\t\t\t\t\t\t\t<\/div>\n\t\t\t\t<\/div>\n\t\t\t\t\t<\/div>\n\t\t<\/div>\n\t\t\t\t\t<\/div>\n\t\t<\/section>\n\t\t\t\t<\/div>\n\t\t","protected":false},"excerpt":{"rendered":"<p>Instagram Tiktok LUCA DELL\u2019AQUILA, in arte L\u00a5UK, ha 19 anni, \u00e8 nato a Milano il 4\/01\/2004 e vive a Settimo Milanese (MI).L\u2019ambizione \u00e8 nel suo DNA ed \u00e8 per questo che non si pone mai limiti e non ha timore nel prendere decisioni per il suo futuro.Sin da dall\u2019et\u00e0 di 5 anni, prende lezioni private [&hellip;]<\/p>\n","protected":false},"author":1,"featured_media":59,"parent":0,"menu_order":0,"comment_status":"closed","ping_status":"closed","template":"","meta":{"footnotes":""},"categories":[14],"tags":[],"class_list":["post-64","page","type-page","status-publish","has-post-thumbnail","hentry","category-artisti"],"_links":{"self":[{"href":"https:\/\/supernovagroup.biz\/index.php?rest_route=\/wp\/v2\/pages\/64","targetHints":{"allow":["GET"]}}],"collection":[{"href":"https:\/\/supernovagroup.biz\/index.php?rest_route=\/wp\/v2\/pages"}],"about":[{"href":"https:\/\/supernovagroup.biz\/index.php?rest_route=\/wp\/v2\/types\/page"}],"author":[{"embeddable":true,"href":"https:\/\/supernovagroup.biz\/index.php?rest_route=\/wp\/v2\/users\/1"}],"replies":[{"embeddable":true,"href":"https:\/\/supernovagroup.biz\/index.php?rest_route=%2Fwp%2Fv2%2Fcomments&post=64"}],"version-history":[{"count":7,"href":"https:\/\/supernovagroup.biz\/index.php?rest_route=\/wp\/v2\/pages\/64\/revisions"}],"predecessor-version":[{"id":184,"href":"https:\/\/supernovagroup.biz\/index.php?rest_route=\/wp\/v2\/pages\/64\/revisions\/184"}],"wp:featuredmedia":[{"embeddable":true,"href":"https:\/\/supernovagroup.biz\/index.php?rest_route=\/wp\/v2\/media\/59"}],"wp:attachment":[{"href":"https:\/\/supernovagroup.biz\/index.php?rest_route=%2Fwp%2Fv2%2Fmedia&parent=64"}],"wp:term":[{"taxonomy":"category","embeddable":true,"href":"https:\/\/supernovagroup.biz\/index.php?rest_route=%2Fwp%2Fv2%2Fcategories&post=64"},{"taxonomy":"post_tag","embeddable":true,"href":"https:\/\/supernovagroup.biz\/index.php?rest_route=%2Fwp%2Fv2%2Ftags&post=64"}],"curies":[{"name":"wp","href":"https:\/\/api.w.org\/{rel}","templated":true}]}}