{"id":55,"date":"2023-07-14T19:02:27","date_gmt":"2023-07-14T17:02:27","guid":{"rendered":"http:\/\/supernovagroup.biz\/?page_id=55"},"modified":"2023-07-18T15:44:10","modified_gmt":"2023-07-18T13:44:10","slug":"mandark","status":"publish","type":"page","link":"https:\/\/supernovagroup.biz\/?page_id=55","title":{"rendered":"MANDARK"},"content":{"rendered":"\t\t<div data-elementor-type=\"wp-page\" data-elementor-id=\"55\" class=\"elementor elementor-55\" data-elementor-post-type=\"page\">\n\t\t\t\t\t\t<section class=\"elementor-section elementor-top-section elementor-element elementor-element-71667bb elementor-section-boxed elementor-section-height-default elementor-section-height-default\" data-id=\"71667bb\" data-element_type=\"section\">\n\t\t\t\t\t\t<div class=\"elementor-container elementor-column-gap-default\">\n\t\t\t\t\t<div class=\"elementor-column elementor-col-100 elementor-top-column elementor-element elementor-element-3967be6\" data-id=\"3967be6\" data-element_type=\"column\">\n\t\t\t<div class=\"elementor-widget-wrap elementor-element-populated\">\n\t\t\t\t\t\t<div class=\"elementor-element elementor-element-494816d elementor-shape-rounded elementor-grid-0 e-grid-align-center elementor-widget elementor-widget-social-icons\" data-id=\"494816d\" data-element_type=\"widget\" data-widget_type=\"social-icons.default\">\n\t\t\t\t<div class=\"elementor-widget-container\">\n\t\t\t\t\t\t\t<div class=\"elementor-social-icons-wrapper elementor-grid\" role=\"list\">\n\t\t\t\t\t\t\t<span class=\"elementor-grid-item\" role=\"listitem\">\n\t\t\t\t\t<a class=\"elementor-icon elementor-social-icon elementor-social-icon-instagram elementor-repeater-item-23e004e\" href=\"https:\/\/www.instagram.com\/mandarkposer\/?hl=it\" target=\"_blank\">\n\t\t\t\t\t\t<span class=\"elementor-screen-only\">Instagram<\/span>\n\t\t\t\t\t\t<i aria-hidden=\"true\" class=\"fab fa-instagram\"><\/i>\t\t\t\t\t<\/a>\n\t\t\t\t<\/span>\n\t\t\t\t\t\t\t<span class=\"elementor-grid-item\" role=\"listitem\">\n\t\t\t\t\t<a class=\"elementor-icon elementor-social-icon elementor-social-icon-tiktok elementor-repeater-item-eba5ff0\" href=\"https:\/\/www.tiktok.com\/@mandarkposer?_t=8e4KOicOSV9&#038;_r=1\" target=\"_blank\">\n\t\t\t\t\t\t<span class=\"elementor-screen-only\">Tiktok<\/span>\n\t\t\t\t\t\t<i aria-hidden=\"true\" class=\"fab fa-tiktok\"><\/i>\t\t\t\t\t<\/a>\n\t\t\t\t<\/span>\n\t\t\t\t\t<\/div>\n\t\t\t\t\t\t<\/div>\n\t\t\t\t<\/div>\n\t\t\t\t\t<\/div>\n\t\t<\/div>\n\t\t\t\t\t<\/div>\n\t\t<\/section>\n\t\t\t\t<section class=\"elementor-section elementor-top-section elementor-element elementor-element-2b00741b elementor-section-boxed elementor-section-height-default elementor-section-height-default\" data-id=\"2b00741b\" data-element_type=\"section\">\n\t\t\t\t\t\t<div class=\"elementor-container elementor-column-gap-default\">\n\t\t\t\t\t<div class=\"elementor-column elementor-col-100 elementor-top-column elementor-element elementor-element-5a52214\" data-id=\"5a52214\" data-element_type=\"column\">\n\t\t\t<div class=\"elementor-widget-wrap elementor-element-populated\">\n\t\t\t\t\t\t<div class=\"elementor-element elementor-element-56ab3bb0 elementor-widget elementor-widget-text-editor\" data-id=\"56ab3bb0\" data-element_type=\"widget\" data-widget_type=\"text-editor.default\">\n\t\t\t\t<div class=\"elementor-widget-container\">\n\t\t\t\t\t\t\t\t\t<p>Mattia Cesarini, vero nome di Mandark, \u00e8 un artista romano classe \u201802. Nel 2016 si approccia per la prima volta alla musica attraverso l&#8217;hip-hop, cavalcando incuriosito l&#8217;onda del nascente fenomeno trap.<br \/>Figlio della generazione SoundCloud, nel corso degli anni il suo stile si \u00e8 evoluto, partendo dal lol-rap fino a raggiungere sonorit\u00e0 rock e pop punk, senza per\u00f2 abbandonare quelle trap.<\/p><p>Nel 2020 pubblica il suo primo ep &#8220;GUAI&#8221; in maniera indipendente.<br \/>Nel 2021 pubblica il suo secondo ep &#8220;BRIVIDI&#8221; distribuito da Bombadischi.<br \/>Nel 2022 firma con Carosello Records e nel corso dell&#8217;anno pubblica 3 singoli e rispettivi videoclip (Umano, Lola e Dio).<\/p><p>Mattia deve alla sua infanzia piuttosto tragica e alla sua esperienza di vita per strada la sua urgenza di scrivere che lo rende un artista vero e che ti arriva dritto al cuore.<br \/>Per mantenersi tra le altre cose ha fatto il modello, iniziando fin da subito a collaborare con brand importanti come Richmond, Nike, Coltorti, Yoox, Balenciaga.<\/p><p>Dal 2023 fa parte del Team creativo SUPERNOVA GROUP\/ADA MUSIC ITALY<\/p>\t\t\t\t\t\t\t\t<\/div>\n\t\t\t\t<\/div>\n\t\t\t\t\t<\/div>\n\t\t<\/div>\n\t\t\t\t\t<\/div>\n\t\t<\/section>\n\t\t\t\t<\/div>\n\t\t","protected":false},"excerpt":{"rendered":"<p>Instagram Tiktok Mattia Cesarini, vero nome di Mandark, \u00e8 un artista romano classe \u201802. Nel 2016 si approccia per la prima volta alla musica attraverso l&#8217;hip-hop, cavalcando incuriosito l&#8217;onda del nascente fenomeno trap.Figlio della generazione SoundCloud, nel corso degli anni il suo stile si \u00e8 evoluto, partendo dal lol-rap fino a raggiungere sonorit\u00e0 rock e [&hellip;]<\/p>\n","protected":false},"author":1,"featured_media":61,"parent":0,"menu_order":0,"comment_status":"closed","ping_status":"closed","template":"","meta":{"footnotes":""},"categories":[14],"tags":[],"class_list":["post-55","page","type-page","status-publish","has-post-thumbnail","hentry","category-artisti"],"_links":{"self":[{"href":"https:\/\/supernovagroup.biz\/index.php?rest_route=\/wp\/v2\/pages\/55","targetHints":{"allow":["GET"]}}],"collection":[{"href":"https:\/\/supernovagroup.biz\/index.php?rest_route=\/wp\/v2\/pages"}],"about":[{"href":"https:\/\/supernovagroup.biz\/index.php?rest_route=\/wp\/v2\/types\/page"}],"author":[{"embeddable":true,"href":"https:\/\/supernovagroup.biz\/index.php?rest_route=\/wp\/v2\/users\/1"}],"replies":[{"embeddable":true,"href":"https:\/\/supernovagroup.biz\/index.php?rest_route=%2Fwp%2Fv2%2Fcomments&post=55"}],"version-history":[{"count":7,"href":"https:\/\/supernovagroup.biz\/index.php?rest_route=\/wp\/v2\/pages\/55\/revisions"}],"predecessor-version":[{"id":181,"href":"https:\/\/supernovagroup.biz\/index.php?rest_route=\/wp\/v2\/pages\/55\/revisions\/181"}],"wp:featuredmedia":[{"embeddable":true,"href":"https:\/\/supernovagroup.biz\/index.php?rest_route=\/wp\/v2\/media\/61"}],"wp:attachment":[{"href":"https:\/\/supernovagroup.biz\/index.php?rest_route=%2Fwp%2Fv2%2Fmedia&parent=55"}],"wp:term":[{"taxonomy":"category","embeddable":true,"href":"https:\/\/supernovagroup.biz\/index.php?rest_route=%2Fwp%2Fv2%2Fcategories&post=55"},{"taxonomy":"post_tag","embeddable":true,"href":"https:\/\/supernovagroup.biz\/index.php?rest_route=%2Fwp%2Fv2%2Ftags&post=55"}],"curies":[{"name":"wp","href":"https:\/\/api.w.org\/{rel}","templated":true}]}}